{"id":114,"date":"2015-11-06T10:52:55","date_gmt":"2015-11-06T09:52:55","guid":{"rendered":"http:\/\/www.uebersetzungsbuero-jochmus.de\/neu\/?page_id=114"},"modified":"2022-12-31T15:09:09","modified_gmt":"2022-12-31T14:09:09","slug":"kontaktirajte-me-2","status":"publish","type":"page","link":"https:\/\/www.uebersetzungsbuero-jochmus.de\/index.php\/bs\/kontaktirajte-me-2\/","title":{"rendered":"kontaktirajte me"},"content":{"rendered":"<p>mo\u017eete me nazvati: 0711-7477734 ili 0172-7101154<br \/>\npo\u0161aljite mi faks: 0711-74517183<br \/>\nili mi po\u0161aljite e-mail: gabi.jochmus[at]gmx.de<\/p>\n","protected":false},"excerpt":{"rendered":"<p>mo\u017eete me nazvati: 0711-7477734 ili 0172-7101154 po\u0161aljite mi faks: 0711-74517183 ili mi po\u0161aljite e-mail: gabi.jochmus[at]gmx.de<\/p>\n","protected":false},"author":1,"featured_media":0,"parent":0,"menu_order":0,"comment_status":"closed","ping_status":"closed","template":"","meta":{"ngg_post_thumbnail":0},"_links":{"self":[{"href":"https:\/\/www.uebersetzungsbuero-jochmus.de\/index.php\/wp-json\/wp\/v2\/pages\/114"}],"collection":[{"href":"https:\/\/www.uebersetzungsbuero-jochmus.de\/index.php\/wp-json\/wp\/v2\/pages"}],"about":[{"href":"https:\/\/www.uebersetzungsbuero-jochmus.de\/index.php\/wp-json\/wp\/v2\/types\/page"}],"author":[{"embeddable":true,"href":"https:\/\/www.uebersetzungsbuero-jochmus.de\/index.php\/wp-json\/wp\/v2\/users\/1"}],"replies":[{"embeddable":true,"href":"https:\/\/www.uebersetzungsbuero-jochmus.de\/index.php\/wp-json\/wp\/v2\/comments?post=114"}],"version-history":[{"count":2,"href":"https:\/\/www.uebersetzungsbuero-jochmus.de\/index.php\/wp-json\/wp\/v2\/pages\/114\/revisions"}],"predecessor-version":[{"id":486,"href":"https:\/\/www.uebersetzungsbuero-jochmus.de\/index.php\/wp-json\/wp\/v2\/pages\/114\/revisions\/486"}],"wp:attachment":[{"href":"https:\/\/www.uebersetzungsbuero-jochmus.de\/index.php\/wp-json\/wp\/v2\/media?parent=114"}],"curies":[{"name":"wp","href":"https:\/\/api.w.org\/{rel}","templated":true}]}}