{"id":36,"date":"2015-11-05T21:49:31","date_gmt":"2015-11-05T20:49:31","guid":{"rendered":"http:\/\/www.uebersetzungsbuero-jochmus.de\/neu\/?page_id=36"},"modified":"2018-11-20T18:49:30","modified_gmt":"2018-11-20T17:49:30","slug":"cene","status":"publish","type":"page","link":"https:\/\/www.uebersetzungsbuero-jochmus.de\/index.php\/sr\/cene\/","title":{"rendered":"cene"},"content":{"rendered":"<table border=\"0\" width=\"100%\" cellspacing=\"0\" cellpadding=\"5\">\n<tbody>\n<tr>\n<td valign=\"top\">najmanja vrednost naloga<\/td>\n<td valign=\"top\" width=\"200px\">30 eura<\/td>\n<\/tr>\n<tr>\n<td valign=\"top\">izvodi iz mati\u010dnih knjiga, svedod\u017ebe, diplome pau\u0161al<\/td>\n<td valign=\"top\">25 Euro<\/td>\n<\/tr>\n<tr>\n<td valign=\"top\">jednostavni tekstovi<\/td>\n<td valign=\"top\">1,55 eura \/ prevo\u0111enom redu<\/td>\n<\/tr>\n<tr>\n<td valign=\"top\">stru\u010dni prevodi kao sudske presude, optu\u017enice, ugovori, ekonomska korespondencija, le\u010dni\u010dke potvrde<\/td>\n<td valign=\"bottom\">1,75 eura \/ prevo\u0111enom redu<\/td>\n<\/tr>\n<tr>\n<td valign=\"top\">overa<\/td>\n<td valign=\"top\">5 eura<\/td>\n<\/tr>\n<tr>\n<td valign=\"top\">apostila<\/td>\n<td valign=\"top\">5 eura<\/td>\n<\/tr>\n<tr>\n<td colspan=\"2\" align=\"center\">sve cene se ra\u010dunaju po redu od 55 otkucaja (uklj. praznih mesta) i dodav\u0161i 19 % PDVa.<\/td>\n<\/tr>\n<\/tbody>\n<\/table>\n","protected":false},"excerpt":{"rendered":"<p>najmanja vrednost naloga 30 eura izvodi iz mati\u010dnih knjiga, svedod\u017ebe, diplome pau\u0161al 25 Euro jednostavni tekstovi 1,55 eura \/ prevo\u0111enom redu stru\u010dni prevodi kao sudske presude, optu\u017enice, ugovori, ekonomska korespondencija, le\u010dni\u010dke potvrde 1,75 eura \/ prevo\u0111enom redu overa 5 eura apostila 5 eura sve cene se ra\u010dunaju po redu od 55 otkucaja (uklj. praznih mesta) &hellip; <\/p>\n<p><a class=\"more-link btn\" href=\"https:\/\/www.uebersetzungsbuero-jochmus.de\/index.php\/sr\/cene\/\">Weiterlesen<\/a><\/p>\n","protected":false},"author":1,"featured_media":0,"parent":0,"menu_order":0,"comment_status":"closed","ping_status":"closed","template":"","meta":{"ngg_post_thumbnail":0},"_links":{"self":[{"href":"https:\/\/www.uebersetzungsbuero-jochmus.de\/index.php\/wp-json\/wp\/v2\/pages\/36"}],"collection":[{"href":"https:\/\/www.uebersetzungsbuero-jochmus.de\/index.php\/wp-json\/wp\/v2\/pages"}],"about":[{"href":"https:\/\/www.uebersetzungsbuero-jochmus.de\/index.php\/wp-json\/wp\/v2\/types\/page"}],"author":[{"embeddable":true,"href":"https:\/\/www.uebersetzungsbuero-jochmus.de\/index.php\/wp-json\/wp\/v2\/users\/1"}],"replies":[{"embeddable":true,"href":"https:\/\/www.uebersetzungsbuero-jochmus.de\/index.php\/wp-json\/wp\/v2\/comments?post=36"}],"version-history":[{"count":4,"href":"https:\/\/www.uebersetzungsbuero-jochmus.de\/index.php\/wp-json\/wp\/v2\/pages\/36\/revisions"}],"predecessor-version":[{"id":371,"href":"https:\/\/www.uebersetzungsbuero-jochmus.de\/index.php\/wp-json\/wp\/v2\/pages\/36\/revisions\/371"}],"wp:attachment":[{"href":"https:\/\/www.uebersetzungsbuero-jochmus.de\/index.php\/wp-json\/wp\/v2\/media?parent=36"}],"curies":[{"name":"wp","href":"https:\/\/api.w.org\/{rel}","templated":true}]}}