{"id":85,"date":"2015-11-06T09:37:30","date_gmt":"2015-11-06T08:37:30","guid":{"rendered":"http:\/\/www.uebersetzungsbuero-jochmus.de\/neu\/?page_id=85"},"modified":"2017-01-24T18:58:15","modified_gmt":"2017-01-24T17:58:15","slug":"preise-2","status":"publish","type":"page","link":"https:\/\/www.uebersetzungsbuero-jochmus.de\/index.php\/de\/preise-2\/","title":{"rendered":"Preise"},"content":{"rendered":"<table border=\"0\" width=\"100%\" cellspacing=\"0\" cellpadding=\"5\">\n<tbody>\n<tr>\n<td valign=\"top\">Stundensatz je angefangene Stunde f\u00fcr Simultandolmetschen<\/td>\n<td valign=\"top\" width=\"220px\">75,00 Euro<\/td>\n<\/tr>\n<tr>\n<td valign=\"top\">Stundensatz je angefangene Stunde f\u00fcr Konsekutivdolmetschen<\/td>\n<td valign=\"top\" width=\"220px\">70,00 Euro<\/td>\n<\/tr>\n<tr>\n<td valign=\"top\">zzgl. Kilometerpauschale f\u00fcr Hin-und R\u00fcckfahrt<\/td>\n<td valign=\"top\">0,30 Euro \/ km<\/td>\n<\/tr>\n<tr>\n<td valign=\"top\">Wochenend-, Feiertags- und Nachtzuschlag<\/td>\n<td valign=\"top\">10,00 Euro \/ h<\/td>\n<\/tr>\n<\/tbody>\n<\/table>\n<p>&nbsp;<\/p>\n<table border=\"0\" width=\"100%\" cellspacing=\"0\" cellpadding=\"5\">\n<tbody>\n<tr>\n<td valign=\"top\">Tagessatz f\u00fcr Simultan- und Konsekutivdolmetschen<\/td>\n<td valign=\"bottom\" width=\"220px\">650,00 Euro bis 800,00 Euro pro Tag<br \/>\n(7 Stunden)<\/td>\n<\/tr>\n<tr>\n<td valign=\"top\">Halbtagessatz<\/td>\n<td valign=\"top\">350,00 Euro pro Tag<br \/>\n(4 Stunden)<\/td>\n<\/tr>\n<tr>\n<td colspan=\"2\" valign=\"top\">Oder nach Vereinbarung, <a href=\"http:\/\/www.uebersetzungsbuero-jochmus.de\/neu\/index.php\/de\/kontaktieren-sie-mich\/\">informieren Sie sich<\/a> doch bitte unverbindlich!<\/td>\n<\/tr>\n<\/tbody>\n<\/table>\n","protected":false},"excerpt":{"rendered":"<p>Stundensatz je angefangene Stunde f\u00fcr Simultandolmetschen 75,00 Euro Stundensatz je angefangene Stunde f\u00fcr Konsekutivdolmetschen 70,00 Euro zzgl. Kilometerpauschale f\u00fcr Hin-und R\u00fcckfahrt 0,30 Euro \/ km Wochenend-, Feiertags- und Nachtzuschlag 10,00 Euro \/ h &nbsp; Tagessatz f\u00fcr Simultan- und Konsekutivdolmetschen 650,00 Euro bis 800,00 Euro pro Tag (7 Stunden) Halbtagessatz 350,00 Euro pro Tag (4 Stunden) &hellip; <\/p>\n<p><a class=\"more-link btn\" href=\"https:\/\/www.uebersetzungsbuero-jochmus.de\/index.php\/de\/preise-2\/\">Weiterlesen<\/a><\/p>\n","protected":false},"author":1,"featured_media":0,"parent":0,"menu_order":0,"comment_status":"closed","ping_status":"closed","template":"","meta":{"ngg_post_thumbnail":0},"_links":{"self":[{"href":"https:\/\/www.uebersetzungsbuero-jochmus.de\/index.php\/wp-json\/wp\/v2\/pages\/85"}],"collection":[{"href":"https:\/\/www.uebersetzungsbuero-jochmus.de\/index.php\/wp-json\/wp\/v2\/pages"}],"about":[{"href":"https:\/\/www.uebersetzungsbuero-jochmus.de\/index.php\/wp-json\/wp\/v2\/types\/page"}],"author":[{"embeddable":true,"href":"https:\/\/www.uebersetzungsbuero-jochmus.de\/index.php\/wp-json\/wp\/v2\/users\/1"}],"replies":[{"embeddable":true,"href":"https:\/\/www.uebersetzungsbuero-jochmus.de\/index.php\/wp-json\/wp\/v2\/comments?post=85"}],"version-history":[{"count":7,"href":"https:\/\/www.uebersetzungsbuero-jochmus.de\/index.php\/wp-json\/wp\/v2\/pages\/85\/revisions"}],"predecessor-version":[{"id":326,"href":"https:\/\/www.uebersetzungsbuero-jochmus.de\/index.php\/wp-json\/wp\/v2\/pages\/85\/revisions\/326"}],"wp:attachment":[{"href":"https:\/\/www.uebersetzungsbuero-jochmus.de\/index.php\/wp-json\/wp\/v2\/media?parent=85"}],"curies":[{"name":"wp","href":"https:\/\/api.w.org\/{rel}","templated":true}]}}