{"id":93,"date":"2015-11-06T09:39:21","date_gmt":"2015-11-06T08:39:21","guid":{"rendered":"http:\/\/www.uebersetzungsbuero-jochmus.de\/neu\/?page_id=93"},"modified":"2016-01-05T09:02:58","modified_gmt":"2016-01-05T08:02:58","slug":"cijene-7","status":"publish","type":"page","link":"https:\/\/www.uebersetzungsbuero-jochmus.de\/index.php\/cr\/cijene-7\/","title":{"rendered":"cijene"},"content":{"rendered":"<table border=\"0\" width=\"100%\" cellspacing=\"0\" cellpadding=\"5\">\n<tbody>\n<tr>\n<td valign=\"top\">satnica po zapo\u010detom \u010dasu za simultano tuma\u010denje<\/td>\n<td valign=\"top\" width=\"220px\">75,00 eura<\/td>\n<\/tr>\n<tr>\n<td valign=\"top\">satnica po zapo\u010detom \u010dasu za konsekutivno tuma\u010denje<\/td>\n<td valign=\"top\" width=\"220px\">70,00 eura<\/td>\n<\/tr>\n<tr>\n<td valign=\"top\">dodav\u0161i pau\u0161al po pre\u0111enom kilometru za put u oba smjera<\/td>\n<td valign=\"top\">0,30 eura \/ km<\/td>\n<\/tr>\n<tr>\n<td valign=\"top\">dodatak za rad vikendom, no\u0107u i praznicima<\/td>\n<td valign=\"top\">10,00 eura \/ h<\/td>\n<\/tr>\n<\/tbody>\n<\/table>\n<p>&nbsp;<\/p>\n<table border=\"0\" width=\"100%\" cellspacing=\"0\" cellpadding=\"5\">\n<tbody>\n<tr>\n<td valign=\"top\">dnevnica za simultano i konsekutivno tuma\u010denje<\/td>\n<td valign=\"bottom\" width=\"220px\">650,00 eura bis 800,00 eura \/ danu<br \/>\n(7 \u010dasova)<\/td>\n<\/tr>\n<tr>\n<td valign=\"top\">honorar za pola dana<\/td>\n<td valign=\"top\">350,00 eura \/ danu<br \/>\n(4 \u010dasa)<\/td>\n<\/tr>\n<tr>\n<td colspan=\"2\" valign=\"top\">ili po dogovoru, informirajte se neobavezno!<\/td>\n<\/tr>\n<\/tbody>\n<\/table>\n","protected":false},"excerpt":{"rendered":"<p>satnica po zapo\u010detom \u010dasu za simultano tuma\u010denje 75,00 eura satnica po zapo\u010detom \u010dasu za konsekutivno tuma\u010denje 70,00 eura dodav\u0161i pau\u0161al po pre\u0111enom kilometru za put u oba smjera 0,30 eura \/ km dodatak za rad vikendom, no\u0107u i praznicima 10,00 eura \/ h &nbsp; dnevnica za simultano i konsekutivno tuma\u010denje 650,00 eura bis 800,00 eura &hellip; <\/p>\n<p><a class=\"more-link btn\" href=\"https:\/\/www.uebersetzungsbuero-jochmus.de\/index.php\/cr\/cijene-7\/\">Weiterlesen<\/a><\/p>\n","protected":false},"author":1,"featured_media":0,"parent":0,"menu_order":0,"comment_status":"closed","ping_status":"closed","template":"","meta":{"ngg_post_thumbnail":0},"_links":{"self":[{"href":"https:\/\/www.uebersetzungsbuero-jochmus.de\/index.php\/wp-json\/wp\/v2\/pages\/93"}],"collection":[{"href":"https:\/\/www.uebersetzungsbuero-jochmus.de\/index.php\/wp-json\/wp\/v2\/pages"}],"about":[{"href":"https:\/\/www.uebersetzungsbuero-jochmus.de\/index.php\/wp-json\/wp\/v2\/types\/page"}],"author":[{"embeddable":true,"href":"https:\/\/www.uebersetzungsbuero-jochmus.de\/index.php\/wp-json\/wp\/v2\/users\/1"}],"replies":[{"embeddable":true,"href":"https:\/\/www.uebersetzungsbuero-jochmus.de\/index.php\/wp-json\/wp\/v2\/comments?post=93"}],"version-history":[{"count":4,"href":"https:\/\/www.uebersetzungsbuero-jochmus.de\/index.php\/wp-json\/wp\/v2\/pages\/93\/revisions"}],"predecessor-version":[{"id":271,"href":"https:\/\/www.uebersetzungsbuero-jochmus.de\/index.php\/wp-json\/wp\/v2\/pages\/93\/revisions\/271"}],"wp:attachment":[{"href":"https:\/\/www.uebersetzungsbuero-jochmus.de\/index.php\/wp-json\/wp\/v2\/media?parent=93"}],"curies":[{"name":"wp","href":"https:\/\/api.w.org\/{rel}","templated":true}]}}